{"id":9167,"date":"2022-03-07T22:52:09","date_gmt":"2022-03-07T22:52:09","guid":{"rendered":"https:\/\/www.baranmezbaha.com\/%d0%bd%d0%b0%d1%81-%d1%80%d0%b5%d0%ba%d0%be%d0%bc%d0%b5%d0%bd%d0%b4%d1%83%d1%8e%d1%82\/"},"modified":"2022-03-08T13:49:46","modified_gmt":"2022-03-08T13:49:46","slug":"%d0%bd%d0%b0%d1%81-%d1%80%d0%b5%d0%ba%d0%be%d0%bc%d0%b5%d0%bd%d0%b4%d1%83%d1%8e%d1%82","status":"publish","type":"page","link":"https:\/\/baranmezbaha.com\/ru\/%d0%bd%d0%b0%d1%81-%d1%80%d0%b5%d0%ba%d0%be%d0%bc%d0%b5%d0%bd%d0%b4%d1%83%d1%8e%d1%82\/","title":{"rendered":"\u041d\u0410\u0421 \u0420\u0415\u041a\u041e\u041c\u0415\u041d\u0414\u0423\u042e\u0422"},"content":{"rendered":"<section class=\"l-section wpb_row height_custom color_primary with_img parallax_hor bgwidth_110\"><div class=\"l-section-img\" style=\"background-image: url(https:\/\/baranmezbaha.com\/wp-content\/uploads\/2021\/08\/baran-mezbahane-slide-4.jpg);\" data-img-width=\"1920\" data-img-height=\"500\"><\/div><div class=\"l-section-overlay\" style=\"background:rgba(2,2,2,0.67)\"><\/div><div class=\"l-section-h i-cf\"><div class=\"g-cols via_flex valign_top type_default\"><div class=\"vc_col-sm-12 wpb_column vc_column_container\"><div class=\"vc_column-inner\"><div class=\"wpb_wrapper\"><div class=\"wpb_text_column\"><div class=\"wpb_wrapper\"><h1 style=\"text-align: center;\">\u041d\u0410\u0421 \u0420\u0415\u041a\u041e\u041c\u0415\u041d\u0414\u0423\u042e\u0422<\/h1>\n<\/div><\/div><div class=\"w-separator size_medium\"><\/div><\/div><\/div><\/div><\/div><\/div><\/section><section class=\"l-section wpb_row height_auto color_primary type_sticky\"><div class=\"l-section-h i-cf\"><div class=\"g-cols via_flex valign_top type_default\"><div class=\"vc_col-sm-12 wpb_column vc_column_container\"><div class=\"vc_column-inner\"><div class=\"wpb_wrapper\"><div class=\"w-menu us_custom_ca51c683 layout_hor style_blocks not_responsive has_text_align_on_mobiles us_menu_1\" style=\"--main-ver-indent:0.7em;--main-hor-indent:0.45em;\"><ul id=\"menu-urunler-yatay-tr-rusca\" class=\"menu\"><li id=\"menu-item-9040\" class=\"menu-item menu-item-type-post_type menu-item-object-page menu-item-9040\"><a href=\"https:\/\/baranmezbaha.com\/ru\/%d0%ba%d1%80%d1%83%d0%bf%d0%bd%d1%8b%d0%b9-%d1%80%d0%be%d0%b3%d0%b0%d1%82%d1%8b%d0%b9-%d1%81%d0%ba%d0%be%d1%82\/\">\u041a\u0440\u0443\u043f\u043d\u044b\u0439 \u0420\u043e\u0433\u0430\u0442\u044b\u0439 \u0421\u043a\u043e\u0442<\/a><\/li><li id=\"menu-item-9217\" class=\"menu-item menu-item-type-post_type menu-item-object-page menu-item-9217\"><a href=\"https:\/\/baranmezbaha.com\/ru\/%d0%bc%d0%b5%d0%bb%d0%ba%d0%b8%d0%b9-%d1%80%d0%be%d0%b3%d0%b0%d1%82%d1%8b%d0%b9-%d1%81%d0%ba%d0%be%d1%82\/\">\u041c\u0435\u043b\u043a\u0438\u0439 \u0420\u043e\u0433\u0430\u0442\u044b\u0439 \u0421\u043a\u043e\u0442<\/a><\/li><li id=\"menu-item-9218\" class=\"menu-item menu-item-type-post_type menu-item-object-page menu-item-9218\"><a href=\"https:\/\/baranmezbaha.com\/ru\/%d0%bb%d0%b8%d0%bd%d0%bd%d1%8f-%d1%80%d0%b0%d0%b7%d0%b4%d0%b5%d0%bb%d1%8f-%d0%bd%d0%b0-%d0%ba%d1%83%d1%81%d0%ba%d0%b8\/\">\u041b\u0438\u043d\u043d\u044f \u0420\u0430\u0437\u0434\u0435\u043b\u044f \u041d\u0430 \u041a\u0443\u0441\u043a\u0438<\/a><\/li><li id=\"menu-item-9219\" class=\"menu-item menu-item-type-post_type menu-item-object-page menu-item-9219\"><a href=\"https:\/\/baranmezbaha.com\/ru\/%d1%85%d0%be%d0%bb%d0%be%d0%b4%d0%bd%d0%b0%d1%8f-%d0%ba%d0%be%d0%bc%d0%bd%d0%b0%d1%82%d0%b0\/\">\u0425\u043e\u043b\u043e\u0434\u043d\u0430\u044f \u041a\u043e\u043c\u043d\u0430\u0442\u0430<\/a><\/li><li id=\"menu-item-9220\" class=\"menu-item menu-item-type-post_type menu-item-object-page menu-item-9220\"><a href=\"https:\/\/baranmezbaha.com\/ru\/%d0%be%d0%b1%d0%be%d1%80%d1%83%d0%b4%d0%be%d0%b2%d0%b0%d0%bd%d0%b8%d0%b5-%d0%b4%d0%bb%d1%8f-%d1%80%d0%b5%d0%b7%d0%ba%d0%b8\/\">\u041e\u0431\u043e\u0440\u0443\u0434\u043e\u0432\u0430\u043d\u0438\u0435 \u0434\u043b\u044f \u0440\u0435\u0437\u043a\u0438<\/a><\/li><li id=\"menu-item-9221\" class=\"menu-item menu-item-type-post_type menu-item-object-page menu-item-9221\"><a href=\"https:\/\/baranmezbaha.com\/ru\/%d0%bc%d0%b5%d1%81%d1%82%d0%b0-%d0%b4%d0%bb%d1%8f-%d0%b7%d0%b0%d0%b1%d0%be%d1%8f-%d0%b6%d0%b5%d1%80%d1%82%d0%b2%d0%b5%d0%bd%d0%bd%d1%8b%d1%85-%d0%b6%d0%b8%d0%b2%d0%be%d1%82%d0%bd%d1%8b%d1%85\/\">\u043c\u0435\u0441\u0442\u0430 \u0434\u043b\u044f \u0437\u0430\u0431\u043e\u044f \u0436\u0435\u0440\u0442\u0432\u0435\u043d\u043d\u044b\u0445 \u0436\u0438\u0432\u043e\u0442\u043d\u044b\u0445<\/a><\/li><\/ul><style>.us_menu_1 .menu>li>a{color:rgba(255,255,255,0.66)}.us_menu_1 .menu>.menu-item:not(.current-menu-item)>a:hover{color:#fff}.us_menu_1 .menu>.current-menu-item>a{background:rgba(222,122,16,0.65)}.us_menu_1 .menu>.current-menu-item>a{color:#fff}<\/style><\/div><\/div><\/div><\/div><\/div><\/div><\/section><section class=\"l-section wpb_row us_custom_13015197 height_custom\"><div class=\"l-section-h i-cf\"><div class=\"g-cols via_flex valign_top type_default\"><div class=\"vc_col-sm-12 wpb_column vc_column_container\"><div class=\"vc_column-inner type_sticky\"><div class=\"wpb_wrapper\" style=\"top:\"><div class=\"wpb_text_column\"><div class=\"wpb_wrapper\"><p style=\"text-align: center;\">\u041f\u043e\u0436\u0430\u043b\u0443\u0439\u0441\u0442\u0430, \u0441\u0432\u044f\u0436\u0438\u0442\u0435\u0441\u044c \u0441 \u043d\u0430\u043c\u0438 \u0434\u043b\u044f \u043d\u0430\u0448\u0435\u0433\u043e \u0442\u0435\u043a\u0443\u0449\u0435\u0433\u043e \u0441\u043f\u0438\u0441\u043a\u0430 \u0441\u0441\u044b\u043b\u043e\u043a.<\/p>\n<p style=\"text-align: center;\">\u041c\u044b \u043f\u0440\u043e\u0438\u0437\u0432\u043e\u0434\u0438\u043c \u0441\u0438\u0441\u0442\u0435\u043c\u044b \u0443\u0431\u043e\u044f \u0441\u043a\u043e\u0442\u0430 \u0441 \u0431\u043e\u043b\u0435\u0435 \u0447\u0435\u043c 200 \u0434\u043e\u0432\u043e\u043b\u044c\u043d\u044b\u043c\u0438 \u043a\u043b\u0438\u0435\u043d\u0442\u0430\u043c\u0438 \u0441\u043e \u0432\u0441\u0435\u0439 \u0422\u0443\u0440\u0446\u0438\u0438.<\/p>\n<\/div><\/div><div class=\"w-separator size_medium\"><\/div><div class=\"g-cols via_flex valign_top type_default\"><div class=\"vc_col-sm-12 wpb_column vc_column_container\"><div class=\"vc_column-inner\"><div class=\"wpb_wrapper\"><div class=\"wpb_text_column\"><div class=\"wpb_wrapper\"><ul>\n<li>S\u00f6nmet Et &#8212; Sivas<\/li>\n<li>\u0130stanbul Et &#8212; K\u0131r\u015fehir<\/li>\n<li>CNG Tedarik &#8212; \u0130zmir<\/li>\n<li>Beyp\u0131nar Et Hayvanc\u0131l\u0131k &#8212; Malatya<\/li>\n<li>Malatya \u00c7ar\u015f\u0131 Market &#8212; Malatya<\/li>\n<li>Yenice Bizim Et &#8212; Kahramanmara\u015f<\/li>\n<li>Din\u00e7 Besi \u00c7iftli\u011fi &#8212; Nev\u015fehir<\/li>\n<li>G\u00fcne\u015feret &#8212; Adana<\/li>\n<li>\u00d6zet &#8212; Kayseri<\/li>\n<li>Aydo\u011fan Karde\u015fler Et &#8212; Bal\u0131kesir<\/li>\n<li>Yeni Ergani Et &#8212; Ergani<\/li>\n<li>\u00d6zbakan Et &#8212; Kayseri<\/li>\n<li>Bolu Birlik Et &#8212; Bolu<\/li>\n<li>K\u0131r\u015fehir Et &#8212; K\u0131r\u015fehir<\/li>\n<li>Bing\u00f6l Et &#8212; Bing\u00f6l<\/li>\n<li>Sultaniye Et &#8212; Konya<\/li>\n<li>\u0130neg\u00f6l Et &#8212; \u0130neg\u00f6l<\/li>\n<li>Y\u0131ld\u0131z Et &#8212; Sivas<\/li>\n<li>G\u00fcler Et &#8212; Diyarbak\u0131r<\/li>\n<li>Do\u011fan Et &#8212; Bucak<\/li>\n<li>Bakanlar Et &#8212; Cihanbeyli<\/li>\n<li>Y\u0131lmaz Et G\u0131da &#8212; Burdur<\/li>\n<li>Evren Grup &#8212; Burdur<\/li>\n<li>Melet &#8212; Malatya<\/li>\n<li>Konya Et &#8212; Konya<\/li>\n<li>Asiset &#8212; Malatya<\/li>\n<li>\u0130kizler Kasap &#8212; K\u0131rklareli<\/li>\n<li>Muset Besicilik &#8212; Ankara<\/li>\n<li>G\u00fcler Et &#8212; Ankara<\/li>\n<li>\u00c7a\u011fda\u015f Market &#8212; Ankara<\/li>\n<\/ul>\n<\/div><\/div><\/div><\/div><\/div><\/div><div class=\"g-cols via_flex valign_top type_default\"><div class=\"vc_col-sm-12 wpb_column vc_column_container\"><div class=\"vc_column-inner\"><div class=\"wpb_wrapper\"><\/div><\/div><\/div><\/div><\/div><\/div><\/div><\/div><\/div><\/section>\n","protected":false},"excerpt":{"rendered":"\u041d\u0410\u0421 \u0420\u0415\u041a\u041e\u041c\u0415\u041d\u0414\u0423\u042e\u0422 \u041a\u0440\u0443\u043f\u043d\u044b\u0439 \u0420\u043e\u0433\u0430\u0442\u044b\u0439 \u0421\u043a\u043e\u0442\u041c\u0435\u043b\u043a\u0438\u0439 \u0420\u043e\u0433\u0430\u0442\u044b\u0439 \u0421\u043a\u043e\u0442\u041b\u0438\u043d\u043d\u044f \u0420\u0430\u0437\u0434\u0435\u043b\u044f \u041d\u0430 \u041a\u0443\u0441\u043a\u0438\u0425\u043e\u043b\u043e\u0434\u043d\u0430\u044f \u041a\u043e\u043c\u043d\u0430\u0442\u0430\u041e\u0431\u043e\u0440\u0443\u0434\u043e\u0432\u0430\u043d\u0438\u0435 \u0434\u043b\u044f \u0440\u0435\u0437\u043a\u0438\u043c\u0435\u0441\u0442\u0430 \u0434\u043b\u044f \u0437\u0430\u0431\u043e\u044f \u0436\u0435\u0440\u0442\u0432\u0435\u043d\u043d\u044b\u0445 \u0436\u0438\u0432\u043e\u0442\u043d\u044b\u0445\u041f\u043e\u0436\u0430\u043b\u0443\u0439\u0441\u0442\u0430, \u0441\u0432\u044f\u0436\u0438\u0442\u0435\u0441\u044c \u0441 \u043d\u0430\u043c\u0438 \u0434\u043b\u044f \u043d\u0430\u0448\u0435\u0433\u043e \u0442\u0435\u043a\u0443\u0449\u0435\u0433\u043e \u0441\u043f\u0438\u0441\u043a\u0430 \u0441\u0441\u044b\u043b\u043e\u043a. \u041c\u044b \u043f\u0440\u043e\u0438\u0437\u0432\u043e\u0434\u0438\u043c \u0441\u0438\u0441\u0442\u0435\u043c\u044b \u0443\u0431\u043e\u044f \u0441\u043a\u043e\u0442\u0430 \u0441 \u0431\u043e\u043b\u0435\u0435 \u0447\u0435\u043c 200 \u0434\u043e\u0432\u043e\u043b\u044c\u043d\u044b\u043c\u0438 \u043a\u043b\u0438\u0435\u043d\u0442\u0430\u043c\u0438 \u0441\u043e \u0432\u0441\u0435\u0439 \u0422\u0443\u0440\u0446\u0438\u0438. S\u00f6nmet Et &#8212; Sivas \u0130stanbul Et &#8212; K\u0131r\u015fehir CNG Tedarik &#8212; \u0130zmir Beyp\u0131nar Et Hayvanc\u0131l\u0131k &#8212;...","protected":false},"author":1,"featured_media":0,"parent":0,"menu_order":0,"comment_status":"closed","ping_status":"closed","template":"","meta":{"footnotes":""},"class_list":["post-9167","page","type-page","status-publish","hentry"],"yoast_head":"<!-- This site is optimized with the Yoast SEO plugin v26.5 - https:\/\/yoast.com\/wordpress\/plugins\/seo\/ -->\n<title>\u041d\u0410\u0421 \u0420\u0415\u041a\u041e\u041c\u0415\u041d\u0414\u0423\u042e\u0422 - Baran Mezbahane Sistemleri<\/title>\n<meta name=\"robots\" content=\"index, follow, max-snippet:-1, max-image-preview:large, max-video-preview:-1\" \/>\n<link rel=\"canonical\" href=\"https:\/\/www.baranmezbaha.com\/ru\/referanslarimiz\/\" \/>\n<meta property=\"og:locale\" content=\"ru_RU\" \/>\n<meta property=\"og:type\" content=\"article\" \/>\n<meta property=\"og:title\" content=\"\u041d\u0410\u0421 \u0420\u0415\u041a\u041e\u041c\u0415\u041d\u0414\u0423\u042e\u0422 - Baran Mezbahane Sistemleri\" \/>\n<meta property=\"og:url\" content=\"https:\/\/www.baranmezbaha.com\/referanslarimiz\/\" \/>\n<meta property=\"og:site_name\" content=\"Baran Mezbahane Sistemleri\" \/>\n<meta property=\"article:modified_time\" content=\"2022-03-08T13:49:46+00:00\" \/>\n<meta name=\"twitter:card\" content=\"summary_large_image\" \/>\n<meta name=\"twitter:label1\" content=\"\u041f\u0440\u0438\u043c\u0435\u0440\u043d\u043e\u0435 \u0432\u0440\u0435\u043c\u044f \u0434\u043b\u044f \u0447\u0442\u0435\u043d\u0438\u044f\" \/>\n\t<meta name=\"twitter:data1\" content=\"1 \u043c\u0438\u043d\u0443\u0442\u0430\" \/>\n<script type=\"application\/ld+json\" class=\"yoast-schema-graph\">{\"@context\":\"https:\/\/schema.org\",\"@graph\":[{\"@type\":\"WebPage\",\"@id\":\"https:\/\/www.baranmezbaha.com\/referanslarimiz\/\",\"url\":\"https:\/\/www.baranmezbaha.com\/referanslarimiz\/\",\"name\":\"\u041d\u0410\u0421 \u0420\u0415\u041a\u041e\u041c\u0415\u041d\u0414\u0423\u042e\u0422 - Baran Mezbahane Sistemleri\",\"isPartOf\":{\"@id\":\"https:\/\/www.baranmezbaha.com\/#website\"},\"datePublished\":\"2022-03-07T22:52:09+00:00\",\"dateModified\":\"2022-03-08T13:49:46+00:00\",\"breadcrumb\":{\"@id\":\"https:\/\/www.baranmezbaha.com\/referanslarimiz\/#breadcrumb\"},\"inLanguage\":\"ru-RU\",\"potentialAction\":[{\"@type\":\"ReadAction\",\"target\":[\"https:\/\/www.baranmezbaha.com\/referanslarimiz\/\"]}]},{\"@type\":\"BreadcrumbList\",\"@id\":\"https:\/\/www.baranmezbaha.com\/referanslarimiz\/#breadcrumb\",\"itemListElement\":[{\"@type\":\"ListItem\",\"position\":1,\"name\":\"Anasayfa\",\"item\":\"https:\/\/www.baranmezbaha.com\/ru\/\"},{\"@type\":\"ListItem\",\"position\":2,\"name\":\"\u041d\u0410\u0421 \u0420\u0415\u041a\u041e\u041c\u0415\u041d\u0414\u0423\u042e\u0422\"}]},{\"@type\":\"WebSite\",\"@id\":\"https:\/\/www.baranmezbaha.com\/#website\",\"url\":\"https:\/\/www.baranmezbaha.com\/\",\"name\":\"Baran Mezbahane Sistemleri\",\"description\":\"Baran Mezbahane Sistemleri\",\"publisher\":{\"@id\":\"https:\/\/www.baranmezbaha.com\/#organization\"},\"potentialAction\":[{\"@type\":\"SearchAction\",\"target\":{\"@type\":\"EntryPoint\",\"urlTemplate\":\"https:\/\/www.baranmezbaha.com\/?s={search_term_string}\"},\"query-input\":{\"@type\":\"PropertyValueSpecification\",\"valueRequired\":true,\"valueName\":\"search_term_string\"}}],\"inLanguage\":\"ru-RU\"},{\"@type\":\"Organization\",\"@id\":\"https:\/\/www.baranmezbaha.com\/#organization\",\"name\":\"Baran Mezbahane Sistemleri\",\"url\":\"https:\/\/www.baranmezbaha.com\/\",\"logo\":{\"@type\":\"ImageObject\",\"inLanguage\":\"ru-RU\",\"@id\":\"https:\/\/www.baranmezbaha.com\/#\/schema\/logo\/image\/\",\"url\":\"https:\/\/www.baranmezbaha.com\/wp-content\/uploads\/2021\/10\/baran-mezbaha-logo.jpg\",\"contentUrl\":\"https:\/\/www.baranmezbaha.com\/wp-content\/uploads\/2021\/10\/baran-mezbaha-logo.jpg\",\"width\":611,\"height\":457,\"caption\":\"Baran Mezbahane Sistemleri\"},\"image\":{\"@id\":\"https:\/\/www.baranmezbaha.com\/#\/schema\/logo\/image\/\"}}]}<\/script>\n<!-- \/ Yoast SEO plugin. -->","yoast_head_json":{"title":"\u041d\u0410\u0421 \u0420\u0415\u041a\u041e\u041c\u0415\u041d\u0414\u0423\u042e\u0422 - Baran Mezbahane Sistemleri","robots":{"index":"index","follow":"follow","max-snippet":"max-snippet:-1","max-image-preview":"max-image-preview:large","max-video-preview":"max-video-preview:-1"},"canonical":"https:\/\/www.baranmezbaha.com\/ru\/referanslarimiz\/","og_locale":"ru_RU","og_type":"article","og_title":"\u041d\u0410\u0421 \u0420\u0415\u041a\u041e\u041c\u0415\u041d\u0414\u0423\u042e\u0422 - Baran Mezbahane Sistemleri","og_url":"https:\/\/www.baranmezbaha.com\/referanslarimiz\/","og_site_name":"Baran Mezbahane Sistemleri","article_modified_time":"2022-03-08T13:49:46+00:00","twitter_card":"summary_large_image","twitter_misc":{"\u041f\u0440\u0438\u043c\u0435\u0440\u043d\u043e\u0435 \u0432\u0440\u0435\u043c\u044f \u0434\u043b\u044f \u0447\u0442\u0435\u043d\u0438\u044f":"1 \u043c\u0438\u043d\u0443\u0442\u0430"},"schema":{"@context":"https:\/\/schema.org","@graph":[{"@type":"WebPage","@id":"https:\/\/www.baranmezbaha.com\/referanslarimiz\/","url":"https:\/\/www.baranmezbaha.com\/referanslarimiz\/","name":"\u041d\u0410\u0421 \u0420\u0415\u041a\u041e\u041c\u0415\u041d\u0414\u0423\u042e\u0422 - Baran Mezbahane Sistemleri","isPartOf":{"@id":"https:\/\/www.baranmezbaha.com\/#website"},"datePublished":"2022-03-07T22:52:09+00:00","dateModified":"2022-03-08T13:49:46+00:00","breadcrumb":{"@id":"https:\/\/www.baranmezbaha.com\/referanslarimiz\/#breadcrumb"},"inLanguage":"ru-RU","potentialAction":[{"@type":"ReadAction","target":["https:\/\/www.baranmezbaha.com\/referanslarimiz\/"]}]},{"@type":"BreadcrumbList","@id":"https:\/\/www.baranmezbaha.com\/referanslarimiz\/#breadcrumb","itemListElement":[{"@type":"ListItem","position":1,"name":"Anasayfa","item":"https:\/\/www.baranmezbaha.com\/ru\/"},{"@type":"ListItem","position":2,"name":"\u041d\u0410\u0421 \u0420\u0415\u041a\u041e\u041c\u0415\u041d\u0414\u0423\u042e\u0422"}]},{"@type":"WebSite","@id":"https:\/\/www.baranmezbaha.com\/#website","url":"https:\/\/www.baranmezbaha.com\/","name":"Baran Mezbahane Sistemleri","description":"Baran Mezbahane Sistemleri","publisher":{"@id":"https:\/\/www.baranmezbaha.com\/#organization"},"potentialAction":[{"@type":"SearchAction","target":{"@type":"EntryPoint","urlTemplate":"https:\/\/www.baranmezbaha.com\/?s={search_term_string}"},"query-input":{"@type":"PropertyValueSpecification","valueRequired":true,"valueName":"search_term_string"}}],"inLanguage":"ru-RU"},{"@type":"Organization","@id":"https:\/\/www.baranmezbaha.com\/#organization","name":"Baran Mezbahane Sistemleri","url":"https:\/\/www.baranmezbaha.com\/","logo":{"@type":"ImageObject","inLanguage":"ru-RU","@id":"https:\/\/www.baranmezbaha.com\/#\/schema\/logo\/image\/","url":"https:\/\/www.baranmezbaha.com\/wp-content\/uploads\/2021\/10\/baran-mezbaha-logo.jpg","contentUrl":"https:\/\/www.baranmezbaha.com\/wp-content\/uploads\/2021\/10\/baran-mezbaha-logo.jpg","width":611,"height":457,"caption":"Baran Mezbahane Sistemleri"},"image":{"@id":"https:\/\/www.baranmezbaha.com\/#\/schema\/logo\/image\/"}}]}},"_links":{"self":[{"href":"https:\/\/baranmezbaha.com\/ru\/wp-json\/wp\/v2\/pages\/9167","targetHints":{"allow":["GET"]}}],"collection":[{"href":"https:\/\/baranmezbaha.com\/ru\/wp-json\/wp\/v2\/pages"}],"about":[{"href":"https:\/\/baranmezbaha.com\/ru\/wp-json\/wp\/v2\/types\/page"}],"author":[{"embeddable":true,"href":"https:\/\/baranmezbaha.com\/ru\/wp-json\/wp\/v2\/users\/1"}],"replies":[{"embeddable":true,"href":"https:\/\/baranmezbaha.com\/ru\/wp-json\/wp\/v2\/comments?post=9167"}],"version-history":[{"count":0,"href":"https:\/\/baranmezbaha.com\/ru\/wp-json\/wp\/v2\/pages\/9167\/revisions"}],"wp:attachment":[{"href":"https:\/\/baranmezbaha.com\/ru\/wp-json\/wp\/v2\/media?parent=9167"}],"curies":[{"name":"wp","href":"https:\/\/api.w.org\/{rel}","templated":true}]}}