{"id":9166,"date":"2022-03-07T22:50:57","date_gmt":"2022-03-07T22:50:57","guid":{"rendered":"https:\/\/www.baranmezbaha.com\/references\/"},"modified":"2022-03-08T13:49:24","modified_gmt":"2022-03-08T13:49:24","slug":"references","status":"publish","type":"page","link":"https:\/\/baranmezbaha.com\/en\/references\/","title":{"rendered":"REFERENCES"},"content":{"rendered":"<section class=\"l-section wpb_row height_custom color_primary with_img parallax_hor bgwidth_110\"><div class=\"l-section-img\" style=\"background-image: url(https:\/\/baranmezbaha.com\/wp-content\/uploads\/2021\/08\/baran-mezbahane-slide-4.jpg);\" data-img-width=\"1920\" data-img-height=\"500\"><\/div><div class=\"l-section-overlay\" style=\"background:rgba(2,2,2,0.67)\"><\/div><div class=\"l-section-h i-cf\"><div class=\"g-cols via_flex valign_top type_default\"><div class=\"vc_col-sm-12 wpb_column vc_column_container\"><div class=\"vc_column-inner\"><div class=\"wpb_wrapper\"><div class=\"wpb_text_column\"><div class=\"wpb_wrapper\"><h1 style=\"text-align: center;\">REFERENCES<\/h1>\n<\/div><\/div><div class=\"w-separator size_medium\"><\/div><\/div><\/div><\/div><\/div><\/div><\/section><section class=\"l-section wpb_row height_auto color_primary type_sticky\"><div class=\"l-section-h i-cf\"><div class=\"g-cols via_flex valign_top type_default\"><div class=\"vc_col-sm-12 wpb_column vc_column_container\"><div class=\"vc_column-inner\"><div class=\"wpb_wrapper\"><div class=\"w-menu us_custom_ca51c683 layout_hor style_blocks not_responsive has_text_align_on_mobiles us_menu_1\" style=\"--main-ver-indent:0.7em;--main-hor-indent:0.45em;\"><ul id=\"menu-urunler-yatay-tr-ingilizce\" class=\"menu\"><li id=\"menu-item-9039\" class=\"menu-item menu-item-type-post_type menu-item-object-page menu-item-9039\"><a href=\"https:\/\/baranmezbaha.com\/en\/cattle-slaughter-line\/\">Cattle<\/a><\/li><li id=\"menu-item-9212\" class=\"menu-item menu-item-type-post_type menu-item-object-page menu-item-9212\"><a href=\"https:\/\/baranmezbaha.com\/en\/sheep-cutting-line\/\">Sheep<\/a><\/li><li id=\"menu-item-9213\" class=\"menu-item menu-item-type-post_type menu-item-object-page menu-item-9213\"><a href=\"https:\/\/baranmezbaha.com\/en\/deboning-line\/\">Deboning<\/a><\/li><li id=\"menu-item-9214\" class=\"menu-item menu-item-type-post_type menu-item-object-page menu-item-9214\"><a href=\"https:\/\/baranmezbaha.com\/en\/cold-room\/\">Cold Room<\/a><\/li><li id=\"menu-item-9215\" class=\"menu-item menu-item-type-post_type menu-item-object-page menu-item-9215\"><a href=\"https:\/\/baranmezbaha.com\/en\/saws\/\">Saws<\/a><\/li><li id=\"menu-item-9216\" class=\"menu-item menu-item-type-post_type menu-item-object-page menu-item-9216\"><a href=\"https:\/\/baranmezbaha.com\/en\/abattoir-for-sacrificial-animal\/\">Abattoir for Sacrificial Animal<\/a><\/li><\/ul><style>.us_menu_1 .menu>li>a{color:rgba(255,255,255,0.66)}.us_menu_1 .menu>.menu-item:not(.current-menu-item)>a:hover{color:#fff}.us_menu_1 .menu>.current-menu-item>a{background:rgba(222,122,16,0.65)}.us_menu_1 .menu>.current-menu-item>a{color:#fff}<\/style><\/div><\/div><\/div><\/div><\/div><\/div><\/section><section class=\"l-section wpb_row us_custom_13015197 height_custom\"><div class=\"l-section-h i-cf\"><div class=\"g-cols via_flex valign_top type_default\"><div class=\"vc_col-sm-12 wpb_column vc_column_container\"><div class=\"vc_column-inner type_sticky\"><div class=\"wpb_wrapper\" style=\"top:\"><div class=\"wpb_text_column\"><div class=\"wpb_wrapper\"><p style=\"text-align: center;\">Please contact us for our current reference list.<\/p>\n<p style=\"text-align: center;\">We produce slaughterhouse systems with over 200 happy customers from all over Turkey.<\/p>\n<\/div><\/div><div class=\"w-separator size_medium\"><\/div><div class=\"g-cols via_flex valign_top type_default\"><div class=\"vc_col-sm-12 wpb_column vc_column_container\"><div class=\"vc_column-inner\"><div class=\"wpb_wrapper\"><div class=\"wpb_text_column\"><div class=\"wpb_wrapper\"><ul>\n<li>S\u00f6nmet Et &#8211; Sivas<\/li>\n<li>\u0130stanbul Et &#8211; K\u0131r\u015fehir<\/li>\n<li>CNG Tedarik &#8211; \u0130zmir<\/li>\n<li>Beyp\u0131nar Et Hayvanc\u0131l\u0131k &#8211; Malatya<\/li>\n<li>Malatya \u00c7ar\u015f\u0131 Market &#8211; Malatya<\/li>\n<li>Yenice Bizim Et &#8211; Kahramanmara\u015f<\/li>\n<li>Din\u00e7 Besi \u00c7iftli\u011fi &#8211; Nev\u015fehir<\/li>\n<li>G\u00fcne\u015feret &#8211; Adana<\/li>\n<li>\u00d6zet &#8211; Kayseri<\/li>\n<li>Aydo\u011fan Karde\u015fler Et &#8211; Bal\u0131kesir<\/li>\n<li>Yeni Ergani Et &#8211; Ergani<\/li>\n<li>\u00d6zbakan Et &#8211; Kayseri<\/li>\n<li>Bolu Birlik Et &#8211; Bolu<\/li>\n<li>K\u0131r\u015fehir Et &#8211; K\u0131r\u015fehir<\/li>\n<li>Bing\u00f6l Et &#8211; Bing\u00f6l<\/li>\n<li>Sultaniye Et &#8211; Konya<\/li>\n<li>\u0130neg\u00f6l Et &#8211; \u0130neg\u00f6l<\/li>\n<li>Y\u0131ld\u0131z Et &#8211; Sivas<\/li>\n<li>G\u00fcler Et &#8211; Diyarbak\u0131r<\/li>\n<li>Do\u011fan Et &#8211; Bucak<\/li>\n<li>Bakanlar Et &#8211; Cihanbeyli<\/li>\n<li>Y\u0131lmaz Et G\u0131da &#8211; Burdur<\/li>\n<li>Evren Grup &#8211; Burdur<\/li>\n<li>Melet &#8211; Malatya<\/li>\n<li>Konya Et &#8211; Konya<\/li>\n<li>Asiset &#8211; Malatya<\/li>\n<li>\u0130kizler Kasap &#8211; K\u0131rklareli<\/li>\n<li>Muset Besicilik &#8211; Ankara<\/li>\n<li>G\u00fcler Et &#8211; Ankara<\/li>\n<li>\u00c7a\u011fda\u015f Market &#8211; Ankara<\/li>\n<\/ul>\n<\/div><\/div><\/div><\/div><\/div><\/div><div class=\"g-cols via_flex valign_top type_default\"><div class=\"vc_col-sm-12 wpb_column vc_column_container\"><div class=\"vc_column-inner\"><div class=\"wpb_wrapper\"><\/div><\/div><\/div><\/div><\/div><\/div><\/div><\/div><\/div><\/section>\n","protected":false},"excerpt":{"rendered":"REFERENCES CattleSheepDeboningCold RoomSawsAbattoir for Sacrificial AnimalPlease contact us for our current reference list. We produce slaughterhouse systems with over 200 happy customers from all over Turkey. S\u00f6nmet Et &#8211; Sivas \u0130stanbul Et &#8211; K\u0131r\u015fehir CNG Tedarik &#8211; \u0130zmir Beyp\u0131nar Et Hayvanc\u0131l\u0131k &#8211; Malatya Malatya \u00c7ar\u015f\u0131 Market &#8211; Malatya Yenice Bizim Et &#8211; Kahramanmara\u015f Din\u00e7 Besi...","protected":false},"author":1,"featured_media":0,"parent":0,"menu_order":0,"comment_status":"closed","ping_status":"closed","template":"","meta":{"footnotes":""},"class_list":["post-9166","page","type-page","status-publish","hentry"],"yoast_head":"<!-- This site is optimized with the Yoast SEO plugin v26.5 - https:\/\/yoast.com\/wordpress\/plugins\/seo\/ -->\n<title>REFERENCES - Baran Mezbahane Sistemleri<\/title>\n<meta name=\"robots\" content=\"index, follow, max-snippet:-1, max-image-preview:large, max-video-preview:-1\" \/>\n<link rel=\"canonical\" href=\"https:\/\/www.baranmezbaha.com\/en\/referanslarimiz\/\" \/>\n<meta property=\"og:locale\" content=\"en_US\" \/>\n<meta property=\"og:type\" content=\"article\" \/>\n<meta property=\"og:title\" content=\"REFERENCES - Baran Mezbahane Sistemleri\" \/>\n<meta property=\"og:url\" content=\"https:\/\/www.baranmezbaha.com\/referanslarimiz\/\" \/>\n<meta property=\"og:site_name\" content=\"Baran Mezbahane Sistemleri\" \/>\n<meta property=\"article:modified_time\" content=\"2022-03-08T13:49:24+00:00\" \/>\n<meta name=\"twitter:card\" content=\"summary_large_image\" \/>\n<meta name=\"twitter:label1\" content=\"Est. reading time\" \/>\n\t<meta name=\"twitter:data1\" content=\"1 minute\" \/>\n<script type=\"application\/ld+json\" class=\"yoast-schema-graph\">{\"@context\":\"https:\/\/schema.org\",\"@graph\":[{\"@type\":\"WebPage\",\"@id\":\"https:\/\/www.baranmezbaha.com\/referanslarimiz\/\",\"url\":\"https:\/\/www.baranmezbaha.com\/referanslarimiz\/\",\"name\":\"REFERENCES - Baran Mezbahane Sistemleri\",\"isPartOf\":{\"@id\":\"https:\/\/www.baranmezbaha.com\/#website\"},\"datePublished\":\"2022-03-07T22:50:57+00:00\",\"dateModified\":\"2022-03-08T13:49:24+00:00\",\"breadcrumb\":{\"@id\":\"https:\/\/www.baranmezbaha.com\/referanslarimiz\/#breadcrumb\"},\"inLanguage\":\"en-US\",\"potentialAction\":[{\"@type\":\"ReadAction\",\"target\":[\"https:\/\/www.baranmezbaha.com\/referanslarimiz\/\"]}]},{\"@type\":\"BreadcrumbList\",\"@id\":\"https:\/\/www.baranmezbaha.com\/referanslarimiz\/#breadcrumb\",\"itemListElement\":[{\"@type\":\"ListItem\",\"position\":1,\"name\":\"Anasayfa\",\"item\":\"https:\/\/www.baranmezbaha.com\/\"},{\"@type\":\"ListItem\",\"position\":2,\"name\":\"REFERENCES\"}]},{\"@type\":\"WebSite\",\"@id\":\"https:\/\/www.baranmezbaha.com\/#website\",\"url\":\"https:\/\/www.baranmezbaha.com\/\",\"name\":\"Baran Mezbahane Sistemleri\",\"description\":\"Baran Mezbahane Sistemleri\",\"publisher\":{\"@id\":\"https:\/\/www.baranmezbaha.com\/#organization\"},\"potentialAction\":[{\"@type\":\"SearchAction\",\"target\":{\"@type\":\"EntryPoint\",\"urlTemplate\":\"https:\/\/www.baranmezbaha.com\/?s={search_term_string}\"},\"query-input\":{\"@type\":\"PropertyValueSpecification\",\"valueRequired\":true,\"valueName\":\"search_term_string\"}}],\"inLanguage\":\"en-US\"},{\"@type\":\"Organization\",\"@id\":\"https:\/\/www.baranmezbaha.com\/#organization\",\"name\":\"Baran Mezbahane Sistemleri\",\"url\":\"https:\/\/www.baranmezbaha.com\/\",\"logo\":{\"@type\":\"ImageObject\",\"inLanguage\":\"en-US\",\"@id\":\"https:\/\/www.baranmezbaha.com\/#\/schema\/logo\/image\/\",\"url\":\"https:\/\/www.baranmezbaha.com\/wp-content\/uploads\/2021\/10\/baran-mezbaha-logo.jpg\",\"contentUrl\":\"https:\/\/www.baranmezbaha.com\/wp-content\/uploads\/2021\/10\/baran-mezbaha-logo.jpg\",\"width\":611,\"height\":457,\"caption\":\"Baran Mezbahane Sistemleri\"},\"image\":{\"@id\":\"https:\/\/www.baranmezbaha.com\/#\/schema\/logo\/image\/\"}}]}<\/script>\n<!-- \/ Yoast SEO plugin. -->","yoast_head_json":{"title":"REFERENCES - Baran Mezbahane Sistemleri","robots":{"index":"index","follow":"follow","max-snippet":"max-snippet:-1","max-image-preview":"max-image-preview:large","max-video-preview":"max-video-preview:-1"},"canonical":"https:\/\/www.baranmezbaha.com\/en\/referanslarimiz\/","og_locale":"en_US","og_type":"article","og_title":"REFERENCES - Baran Mezbahane Sistemleri","og_url":"https:\/\/www.baranmezbaha.com\/referanslarimiz\/","og_site_name":"Baran Mezbahane Sistemleri","article_modified_time":"2022-03-08T13:49:24+00:00","twitter_card":"summary_large_image","twitter_misc":{"Est. reading time":"1 minute"},"schema":{"@context":"https:\/\/schema.org","@graph":[{"@type":"WebPage","@id":"https:\/\/www.baranmezbaha.com\/referanslarimiz\/","url":"https:\/\/www.baranmezbaha.com\/referanslarimiz\/","name":"REFERENCES - Baran Mezbahane Sistemleri","isPartOf":{"@id":"https:\/\/www.baranmezbaha.com\/#website"},"datePublished":"2022-03-07T22:50:57+00:00","dateModified":"2022-03-08T13:49:24+00:00","breadcrumb":{"@id":"https:\/\/www.baranmezbaha.com\/referanslarimiz\/#breadcrumb"},"inLanguage":"en-US","potentialAction":[{"@type":"ReadAction","target":["https:\/\/www.baranmezbaha.com\/referanslarimiz\/"]}]},{"@type":"BreadcrumbList","@id":"https:\/\/www.baranmezbaha.com\/referanslarimiz\/#breadcrumb","itemListElement":[{"@type":"ListItem","position":1,"name":"Anasayfa","item":"https:\/\/www.baranmezbaha.com\/"},{"@type":"ListItem","position":2,"name":"REFERENCES"}]},{"@type":"WebSite","@id":"https:\/\/www.baranmezbaha.com\/#website","url":"https:\/\/www.baranmezbaha.com\/","name":"Baran Mezbahane Sistemleri","description":"Baran Mezbahane Sistemleri","publisher":{"@id":"https:\/\/www.baranmezbaha.com\/#organization"},"potentialAction":[{"@type":"SearchAction","target":{"@type":"EntryPoint","urlTemplate":"https:\/\/www.baranmezbaha.com\/?s={search_term_string}"},"query-input":{"@type":"PropertyValueSpecification","valueRequired":true,"valueName":"search_term_string"}}],"inLanguage":"en-US"},{"@type":"Organization","@id":"https:\/\/www.baranmezbaha.com\/#organization","name":"Baran Mezbahane Sistemleri","url":"https:\/\/www.baranmezbaha.com\/","logo":{"@type":"ImageObject","inLanguage":"en-US","@id":"https:\/\/www.baranmezbaha.com\/#\/schema\/logo\/image\/","url":"https:\/\/www.baranmezbaha.com\/wp-content\/uploads\/2021\/10\/baran-mezbaha-logo.jpg","contentUrl":"https:\/\/www.baranmezbaha.com\/wp-content\/uploads\/2021\/10\/baran-mezbaha-logo.jpg","width":611,"height":457,"caption":"Baran Mezbahane Sistemleri"},"image":{"@id":"https:\/\/www.baranmezbaha.com\/#\/schema\/logo\/image\/"}}]}},"_links":{"self":[{"href":"https:\/\/baranmezbaha.com\/en\/wp-json\/wp\/v2\/pages\/9166","targetHints":{"allow":["GET"]}}],"collection":[{"href":"https:\/\/baranmezbaha.com\/en\/wp-json\/wp\/v2\/pages"}],"about":[{"href":"https:\/\/baranmezbaha.com\/en\/wp-json\/wp\/v2\/types\/page"}],"author":[{"embeddable":true,"href":"https:\/\/baranmezbaha.com\/en\/wp-json\/wp\/v2\/users\/1"}],"replies":[{"embeddable":true,"href":"https:\/\/baranmezbaha.com\/en\/wp-json\/wp\/v2\/comments?post=9166"}],"version-history":[{"count":0,"href":"https:\/\/baranmezbaha.com\/en\/wp-json\/wp\/v2\/pages\/9166\/revisions"}],"wp:attachment":[{"href":"https:\/\/baranmezbaha.com\/en\/wp-json\/wp\/v2\/media?parent=9166"}],"curies":[{"name":"wp","href":"https:\/\/api.w.org\/{rel}","templated":true}]}}