{"id":9163,"date":"2022-03-07T20:46:20","date_gmt":"2022-03-07T20:46:20","guid":{"rendered":"https:\/\/www.baranmezbaha.com\/mainpage\/"},"modified":"2022-03-08T15:29:45","modified_gmt":"2022-03-08T15:29:45","slug":"mainpage","status":"publish","type":"page","link":"https:\/\/baranmezbaha.com\/en\/","title":{"rendered":""},"content":{"rendered":"<section class=\"l-section wpb_row height_custom color_primary with_img\"><div class=\"l-section-img\" style=\"background-image: url(https:\/\/baranmezbaha.com\/wp-content\/uploads\/2021\/08\/baran-mezbahane-slide-1.jpg);\" data-img-width=\"1920\" data-img-height=\"600\"><\/div><div class=\"l-section-overlay\" style=\"background:rgba(2,2,2,0.67)\"><\/div><div class=\"l-section-h i-cf\"><div class=\"g-cols via_flex valign_top type_default\"><div class=\"vc_col-sm-12 wpb_column vc_column_container\"><div class=\"vc_column-inner\"><div class=\"wpb_wrapper\"><h1 class=\"w-itext us_custom_8b6b2791 type_typingChars align_center\" onclick='return {&quot;duration&quot;:150,&quot;delay&quot;:2000,&quot;disablePartAnimation&quot;:false,&quot;html_nbsp_char&quot;:true}'>Slaughterhouse\u00a0<span class=\"w-itext-part changesat_0 changesat_1 changesat_2 changesat_3 dynamic\" onclick='return [&quot;Project&quot;,&quot;Manufacturing&quot;,&quot;Installation&quot;,&quot;Maintenance&quot;]'><span>Project<\/span><i class=\"w-itext-cursor\"><\/i><\/span><\/h1><div class=\"w-separator size_custom\" style=\"height:6vh\"><\/div><\/div><\/div><\/div><\/div><\/div><\/section><section class=\"l-section wpb_row height_custom\"><div class=\"l-section-h i-cf\"><div class=\"g-cols via_flex valign_top type_default\" style=\"--additional-gap:15px;\"><div class=\"vc_col-sm-12 wpb_column vc_column_container\"><div class=\"vc_column-inner\"><div class=\"wpb_wrapper\"><div class=\"g-cols via_flex valign_top type_default\"><div class=\"vc_col-sm-4 wpb_column vc_column_container altibos with_overlay\"><div class=\"vc_column-inner\"><div class=\"vc_column-overlay\" style=\"background:linear-gradient(0deg,#e8e8e8,#ffffff)\"><\/div><div class=\"wpb_wrapper\"><div class=\"w-iconbox us_custom_abd05372 altibos iconpos_top style_default color_primary align_center\"><a title=\"B\u00fcy\u00fckba\u015f Kesim Hatt\u0131\" href=\"https:\/\/www.baranmezbaha.com\/en\/cattle-slaughter-line\/\" class=\"w-iconbox-link\" aria-label=\"CATTLE\"><div class=\"w-iconbox-icon\" style=\"font-size:3.0rem;\"><i class=\"fal fa-skull-cow\"><\/i><\/div><\/a><div class=\"w-iconbox-meta\"><a title=\"B\u00fcy\u00fckba\u015f Kesim Hatt\u0131\" href=\"https:\/\/www.baranmezbaha.com\/en\/cattle-slaughter-line\/\" class=\"w-iconbox-link\" aria-label=\"CATTLE\"><h4 class=\"w-iconbox-title\">CATTLE<\/h4><\/a><div class=\"w-iconbox-text\"><p>Cattle Slaughter Line design and manufacture.<\/p>\n<\/div><\/div><\/div><\/div><\/div><\/div><div class=\"vc_col-sm-4 wpb_column vc_column_container with_overlay\"><div class=\"vc_column-inner\"><div class=\"vc_column-overlay\" style=\"background:linear-gradient(0deg,#e8e8e8,#ffffff)\"><\/div><div class=\"wpb_wrapper\"><div class=\"w-iconbox us_custom_abd05372 iconpos_top style_default color_primary align_center\"><a title=\"K\u00fc\u00e7\u00fckba\u015f Kesim Hatt\u0131\" href=\"https:\/\/www.baranmezbaha.com\/en\/sheep-cutting-line\/\" class=\"w-iconbox-link\" aria-label=\"SHEEP\"><div class=\"w-iconbox-icon\" style=\"font-size:3.0rem;\"><i class=\"fal fa-sheep\"><\/i><\/div><\/a><div class=\"w-iconbox-meta\"><a title=\"K\u00fc\u00e7\u00fckba\u015f Kesim Hatt\u0131\" href=\"https:\/\/www.baranmezbaha.com\/en\/sheep-cutting-line\/\" class=\"w-iconbox-link\" aria-label=\"SHEEP\"><h4 class=\"w-iconbox-title\">SHEEP<\/h4><\/a><div class=\"w-iconbox-text\"><p>Sheep Cutting Line design and manufacture.<\/p>\n<\/div><\/div><\/div><\/div><\/div><\/div><div class=\"vc_col-sm-4 wpb_column vc_column_container with_overlay\"><div class=\"vc_column-inner\"><div class=\"vc_column-overlay\" style=\"background:linear-gradient(0deg,#e8e8e8,#ffffff)\"><\/div><div class=\"wpb_wrapper\"><div class=\"w-iconbox us_custom_abd05372 iconpos_top style_default color_primary align_center\"><a title=\"Par\u00e7alama Hatt\u0131\" href=\"https:\/\/www.baranmezbaha.com\/en\/deboning-line\/\" class=\"w-iconbox-link\" aria-label=\"DEBONING LINE\"><div class=\"w-iconbox-icon\" style=\"font-size:3.0rem;\"><i class=\"fal fa-knife-kitchen\"><\/i><\/div><\/a><div class=\"w-iconbox-meta\"><a title=\"Par\u00e7alama Hatt\u0131\" href=\"https:\/\/www.baranmezbaha.com\/en\/deboning-line\/\" class=\"w-iconbox-link\" aria-label=\"DEBONING LINE\"><h4 class=\"w-iconbox-title\">DEBONING LINE<\/h4><\/a><div class=\"w-iconbox-text\"><p>Shredding Line design and production of units.<\/p>\n<\/div><\/div><\/div><\/div><\/div><\/div><\/div><div class=\"g-cols via_flex valign_top type_default\"><div class=\"vc_col-sm-4 wpb_column vc_column_container altibos with_overlay\"><div class=\"vc_column-inner\"><div class=\"vc_column-overlay\" style=\"background:linear-gradient(0deg,#e8e8e8,#ffffff)\"><\/div><div class=\"wpb_wrapper\"><div class=\"w-iconbox us_custom_abd05372 iconpos_top style_default color_primary align_center\"><a title=\"So\u011fuk Oda\" href=\"https:\/\/www.baranmezbaha.com\/en\/cold-room\/\" class=\"w-iconbox-link\" aria-label=\"COLD ROOM\"><div class=\"w-iconbox-icon\" style=\"font-size:3.0rem;\"><i class=\"fal fa-temperature-frigid\"><\/i><\/div><\/a><div class=\"w-iconbox-meta\"><a title=\"So\u011fuk Oda\" href=\"https:\/\/www.baranmezbaha.com\/en\/cold-room\/\" class=\"w-iconbox-link\" aria-label=\"COLD ROOM\"><h4 class=\"w-iconbox-title\">COLD ROOM<\/h4><\/a><div class=\"w-iconbox-text\"><p>Project-specific cold room manufacturing.<\/p>\n<\/div><\/div><\/div><\/div><\/div><\/div><div class=\"vc_col-sm-4 wpb_column vc_column_container with_overlay\"><div class=\"vc_column-inner\"><div class=\"vc_column-overlay\" style=\"background:linear-gradient(0deg,#e8e8e8,#ffffff)\"><\/div><div class=\"wpb_wrapper\"><div class=\"w-iconbox us_custom_abd05372 iconpos_top style_default color_primary align_center\"><a title=\"So\u011fuk Oda\" href=\"https:\/\/www.baranmezbaha.com\/en\/saws\/\" class=\"w-iconbox-link\" aria-label=\"SAWS\"><div class=\"w-iconbox-icon\" style=\"font-size:3.0rem;\"><i class=\"fal fa-bone-break\"><\/i><\/div><\/a><div class=\"w-iconbox-meta\"><a title=\"So\u011fuk Oda\" href=\"https:\/\/www.baranmezbaha.com\/en\/saws\/\" class=\"w-iconbox-link\" aria-label=\"SAWS\"><h4 class=\"w-iconbox-title\">SAWS<\/h4><\/a><div class=\"w-iconbox-text\"><p>A one-stop shop for all your cutting equipment needs.<\/p>\n<\/div><\/div><\/div><\/div><\/div><\/div><div class=\"vc_col-sm-4 wpb_column vc_column_container with_overlay\"><div class=\"vc_column-inner\"><div class=\"vc_column-overlay\" style=\"background:linear-gradient(0deg,#e8e8e8,#ffffff)\"><\/div><div class=\"wpb_wrapper\"><div class=\"w-iconbox us_custom_abd05372 iconpos_top style_default color_primary align_center\"><a title=\"Par\u00e7alama Hatt\u0131\" href=\"https:\/\/www.baranmezbaha.com\/en\/abattoir-for-sacrificial-animal\/\" class=\"w-iconbox-link\" aria-label=\"Abattoir for Sacrificial Animal\"><div class=\"w-iconbox-icon\" style=\"font-size:3.0rem;\"><i class=\"fal fa-map-marker-alt\"><\/i><\/div><\/a><div class=\"w-iconbox-meta\"><a title=\"Par\u00e7alama Hatt\u0131\" href=\"https:\/\/www.baranmezbaha.com\/en\/abattoir-for-sacrificial-animal\/\" class=\"w-iconbox-link\" aria-label=\"Abattoir for Sacrificial Animal\"><h4 class=\"w-iconbox-title\">Abattoir for Sacrificial Animal<\/h4><\/a><div class=\"w-iconbox-text\"><p>Project-specific turnkey solutions, high cutting capacity.<\/p>\n<\/div><\/div><\/div><\/div><\/div><\/div><\/div><\/div><\/div><\/div><div class=\"vc_col-sm-12 wpb_column vc_column_container\"><div class=\"vc_column-inner\"><div class=\"wpb_wrapper\">[vc_empty_space height=&#8221;62px&#8221;]<div class=\"g-cols via_flex valign_top type_default\" style=\"--additional-gap:1px;\"><div class=\"vc_col-sm-4 wpb_column vc_column_container\"><div class=\"vc_column-inner\"><div class=\"wpb_wrapper\"><div class=\"w-video align_none ratio_16x9\"><div class=\"w-video-h\"><iframe src=\"\/\/www.youtube.com\/embed\/38DGCM3wduE?autoplay=0&controls=1&origin=https%3A%2F%2Fbaranmezbaha.com\" allowfullscreen=\"1\"><\/iframe><\/div><div class=\"w-video-icon\" style=\"font-size:1.5rem;background:rgba(0,0,0,0.5);color:#fff;\"><\/div><\/div><\/div><\/div><\/div><div class=\"vc_col-sm-4 wpb_column vc_column_container\"><div class=\"vc_column-inner\"><div class=\"wpb_wrapper\"><div class=\"w-video align_none ratio_16x9\"><div class=\"w-video-h\"><iframe src=\"\/\/www.youtube.com\/embed\/3ilmGBPUEh4?autoplay=0&controls=1&origin=https%3A%2F%2Fbaranmezbaha.com\" allowfullscreen=\"1\"><\/iframe><\/div><div class=\"w-video-icon\" style=\"font-size:1.5rem;background:rgba(0,0,0,0.5);color:#fff;\"><\/div><\/div><\/div><\/div><\/div><div class=\"vc_col-sm-4 wpb_column vc_column_container\"><div class=\"vc_column-inner\"><div class=\"wpb_wrapper\"><div class=\"w-video align_none ratio_16x9\"><div class=\"w-video-h\"><iframe src=\"\/\/www.youtube.com\/embed\/FtCf7Avxk2w?autoplay=0&controls=1&origin=https%3A%2F%2Fbaranmezbaha.com\" allowfullscreen=\"1\"><\/iframe><\/div><div class=\"w-video-icon\" style=\"font-size:1.5rem;background:rgba(0,0,0,0.5);color:#fff;\"><\/div><\/div><\/div><\/div><\/div><\/div>[vc_btn title=&#8221;YouTube Page&#8221; color=&#8221;danger&#8221; align=&#8221;center&#8221; i_icon_fontawesome=&#8221;fab fa-youtube&#8221; add_icon=&#8221;true&#8221; link=&#8221;url:https%3A%2F%2Fwww.youtube.com%2Fchannel%2FUC-KPIIazQvvz0AwFJOR5dJg%2Fvideos|target:_blank|rel:nofollow&#8221; css=&#8221;.vc_custom_1641821569295{padding-top: 35px !important;}&#8221;]<\/div><\/div><\/div><\/div><\/div><\/section><section class=\"l-section wpb_row height_custom color_primary with_img parallax_ver\"><div class=\"l-section-img\" style=\"background-image: url(https:\/\/baranmezbaha.com\/wp-content\/uploads\/2021\/08\/baran-mezbahane-slide-2.jpg);\" data-img-width=\"1920\" data-img-height=\"500\"><\/div><div class=\"l-section-overlay\" style=\"background:rgba(2,2,2,0.67)\"><\/div><div class=\"l-section-h i-cf\"><div class=\"g-cols via_flex valign_top type_default\"><div class=\"vc_col-sm-12 wpb_column vc_column_container\"><div class=\"vc_column-inner\"><div class=\"wpb_wrapper\"><div class=\"wpb_text_column\"><div class=\"wpb_wrapper\"><h2 style=\"text-align: center;\">We are Slaughterhouse Systems <strong>Manufacturer!<\/strong><\/h2>\n<\/div><\/div><div class=\"w-separator size_medium\"><\/div><div class=\"g-cols via_flex valign_top type_default\"><div class=\"vc_col-sm-4 wpb_column vc_column_container\"><div class=\"vc_column-inner\"><div class=\"wpb_wrapper\"><div class=\"w-counter us_custom_2e3f879e color_custom align_center has_font_size has_text_color\" data-duration=\"2000\"><div class=\"w-counter-value\" style=\"color:#ffffff;\"><span class=\"w-counter-value-part type_text\" data-final=\"\"><\/span><span class=\"w-counter-value-part type_number\" data-final=\"46\">0<\/span><span class=\"w-counter-value-part type_text\" data-final=\"\"><\/span><\/div><h6 class=\"w-counter-title\">Projects completed<\/h6><\/div><\/div><\/div><\/div><div class=\"vc_col-sm-4 wpb_column vc_column_container\"><div class=\"vc_column-inner\"><div class=\"wpb_wrapper\"><div class=\"w-counter us_custom_2e3f879e color_custom align_center has_font_size has_text_color\" data-duration=\"2000\"><div class=\"w-counter-value\" style=\"color:#ffffff;\"><span class=\"w-counter-value-part type_text\" data-final=\"\"><\/span><span class=\"w-counter-value-part type_number\" data-final=\"280\">0<\/span><span class=\"w-counter-value-part type_text\" data-final=\"+\">+<\/span><\/div><h6 class=\"w-counter-title\">Happy Customer<\/h6><\/div><\/div><\/div><\/div><div class=\"vc_col-sm-4 wpb_column vc_column_container\"><div class=\"vc_column-inner\"><div class=\"wpb_wrapper\"><div class=\"w-counter us_custom_2e3f879e color_custom align_center has_font_size has_text_color\" data-duration=\"2000\"><div class=\"w-counter-value\" style=\"color:#ffffff;\"><span class=\"w-counter-value-part type_text\" data-final=\"\"><\/span><span class=\"w-counter-value-part type_number\" data-final=\"12\">0<\/span><span class=\"w-counter-value-part type_text\" data-final=\" Y\u0131l\"> Y\u0131l<\/span><\/div><h6 class=\"w-counter-title\">Industry Experience<\/h6><\/div><\/div><\/div><\/div><\/div><\/div><\/div><\/div><\/div><\/div><\/section><section class=\"l-section wpb_row height_auto\"><div class=\"l-section-h i-cf\"><div class=\"g-cols via_flex valign_top type_default\"><div class=\"vc_col-sm-12 wpb_column vc_column_container\"><div class=\"vc_column-inner\"><div class=\"wpb_wrapper\"><div class=\"w-separator size_huge\"><\/div><div class=\"wpb_text_column\"><div class=\"wpb_wrapper\"><h2 style=\"text-align: center;\">Slaughterhouse is <strong>Our<\/strong> Business<\/h2>\n<\/div><\/div><div class=\"w-separator size_large\"><\/div><div class=\"g-cols via_flex valign_top type_default\"><div class=\"vc_col-sm-4 wpb_column vc_column_container\"><div class=\"vc_column-inner\"><div class=\"wpb_wrapper\"><div class=\"w-iconbox iconpos_left style_default color_primary align_left\"><div class=\"w-iconbox-icon\" style=\"font-size:2rem;\"><i class=\"far fa-layer-group\"><\/i><\/div><div class=\"w-iconbox-meta\"><h4 class=\"w-iconbox-title\">Modern Slaughterhouses<\/h4><div class=\"w-iconbox-text\"><p>By combining technology and experience, we create long-lasting, useful and modern slaughterhouses.<\/p>\n<\/div><\/div><\/div><\/div><\/div><\/div><div class=\"vc_col-sm-4 wpb_column vc_column_container\"><div class=\"vc_column-inner\"><div class=\"wpb_wrapper\"><div class=\"w-iconbox iconpos_left style_default color_primary align_left\"><div class=\"w-iconbox-icon\" style=\"font-size:2rem;\"><i class=\"far fa-thumbs-up\"><\/i><\/div><div class=\"w-iconbox-meta\"><h4 class=\"w-iconbox-title\">High Quality<\/h4><div class=\"w-iconbox-text\"><p>We produce the highest quality with our industry experience and the high number of customer experiences we have gained.<\/p>\n<\/div><\/div><\/div><\/div><\/div><\/div><div class=\"vc_col-sm-4 wpb_column vc_column_container\"><div class=\"vc_column-inner\"><div class=\"wpb_wrapper\"><div class=\"w-iconbox iconpos_left style_default color_primary align_left\"><div class=\"w-iconbox-icon\" style=\"font-size:2rem;\"><i class=\"far fa-heart\"><\/i><\/div><div class=\"w-iconbox-meta\"><h4 class=\"w-iconbox-title\">Customer Happiness<\/h4><div class=\"w-iconbox-text\"><p>By identifying customer needs and goals, we offer services in an optimum performance \/ cost balance.<\/p>\n<\/div><\/div><\/div><\/div><\/div><\/div><\/div><div class=\"w-separator size_medium\"><\/div><div class=\"g-cols via_flex valign_top type_default\"><div class=\"vc_col-sm-4 wpb_column vc_column_container\"><div class=\"vc_column-inner\"><div class=\"wpb_wrapper\"><div class=\"w-iconbox iconpos_left style_default color_primary align_left\"><div class=\"w-iconbox-icon\" style=\"font-size:2rem;\"><i class=\"far fa-th\"><\/i><\/div><div class=\"w-iconbox-meta\"><h4 class=\"w-iconbox-title\">Modular Production<\/h4><div class=\"w-iconbox-text\"><p>We can manufacture abattoir facility elements either as a whole facility or in sections.<\/p>\n<\/div><\/div><\/div><\/div><\/div><\/div><div class=\"vc_col-sm-4 wpb_column vc_column_container\"><div class=\"vc_column-inner\"><div class=\"wpb_wrapper\"><div class=\"w-iconbox iconpos_left style_default color_primary align_left\"><div class=\"w-iconbox-icon\" style=\"font-size:2rem;\"><i class=\"far fa-cog\"><\/i><\/div><div class=\"w-iconbox-meta\"><h4 class=\"w-iconbox-title\">Project-Specific Manufacturing<\/h4><div class=\"w-iconbox-text\"><p>We make special projects for your field and offer offers with alternative capacity and cost scenarios.<\/p>\n<\/div><\/div><\/div><\/div><\/div><\/div><div class=\"vc_col-sm-4 wpb_column vc_column_container\"><div class=\"vc_column-inner\"><div class=\"wpb_wrapper\"><div class=\"w-iconbox iconpos_left style_default color_primary align_left\"><div class=\"w-iconbox-icon\" style=\"font-size:2rem;\"><i class=\"far fa-tachometer-alt-fastest\"><\/i><\/div><div class=\"w-iconbox-meta\"><h4 class=\"w-iconbox-title\">High Capacity<\/h4><div class=\"w-iconbox-text\"><p>We can establish facilities in the desired capacity according to customer demand in cattle and sheep slaughter lines.<\/p>\n<\/div><\/div><\/div><\/div><\/div><\/div><\/div><div class=\"w-separator size_large\"><\/div><\/div><\/div><\/div><\/div><\/div><\/section><section class=\"l-section wpb_row height_small color_primary\"><div class=\"l-section-h i-cf\"><div class=\"g-cols via_flex valign_top type_default\" style=\"--additional-gap:0px;\"><div class=\"vc_col-sm-12 wpb_column vc_column_container\"><div class=\"vc_column-inner\"><div class=\"wpb_wrapper\"><div class=\"w-actionbox color_primary controls_right\"><div class=\"w-actionbox-text\"><h2 class=\"w-actionbox-title\">Slaughterhouse Systems Manufacturing<\/h2><\/div><div class=\"w-actionbox-controls\"><a class=\"w-btn us-btn-style_4\" title=\"\u0130leti\u015fim\" href=\"https:\/\/www.baranmezbaha.com\/en\/contacts\/\" style=\"font-size:1.2rem;\"><span class=\"w-btn-label\">Contacts<\/span><\/a><\/div><\/div><\/div><\/div><\/div><\/div><\/div><\/section>\n","protected":false},"excerpt":{"rendered":"Slaughterhouse\u00a0ProjectCATTLECattle Slaughter Line design and manufacture. SHEEPSheep Cutting Line design and manufacture. DEBONING LINEShredding Line design and production of units. COLD ROOMProject-specific cold room manufacturing. SAWSA one-stop shop for all your cutting equipment needs. Abattoir for Sacrificial AnimalProject-specific turnkey solutions, high cutting capacity. [vc_empty_space height=\"62px\"][vc_btn title=\"YouTube Page\" color=\"danger\" align=\"center\" i_icon_fontawesome=\"fab fa-youtube\" add_icon=\"true\" link=\"url:https%3A%2F%2Fwww.youtube.com%2Fchannel%2FUC-KPIIazQvvz0AwFJOR5dJg%2Fvideos|target:_blank|rel:nofollow\" css=\".vc_custom_1641821569295{padding-top: 35px...","protected":false},"author":1,"featured_media":0,"parent":0,"menu_order":0,"comment_status":"closed","ping_status":"closed","template":"","meta":{"footnotes":""},"class_list":["post-9163","page","type-page","status-publish","hentry"],"yoast_head":"<!-- This site is optimized with the Yoast SEO plugin v26.5 - https:\/\/yoast.com\/wordpress\/plugins\/seo\/ -->\n<title>Baran Slaughterhouse Systems Manufacturer<\/title>\n<meta name=\"description\" content=\"We are a manufacturer of Slaughterhouse Systems. We manufacture and install turnkey, project-specific high-capacity slaughterhouses.\" \/>\n<meta name=\"robots\" content=\"index, follow, max-snippet:-1, max-image-preview:large, max-video-preview:-1\" \/>\n<link rel=\"canonical\" href=\"https:\/\/www.baranmezbaha.com\/en\/\" \/>\n<meta property=\"og:locale\" content=\"en_US\" \/>\n<meta property=\"og:type\" content=\"article\" \/>\n<meta property=\"og:title\" content=\"Baran Slaughterhouse Systems Manufacturer\" \/>\n<meta property=\"og:description\" content=\"We are a manufacturer of Slaughterhouse Systems. We manufacture and install turnkey, project-specific high-capacity slaughterhouses.\" \/>\n<meta property=\"og:url\" content=\"https:\/\/www.baranmezbaha.com\/\" \/>\n<meta property=\"og:site_name\" content=\"Baran Mezbahane Sistemleri\" \/>\n<meta property=\"article:modified_time\" content=\"2022-03-08T15:29:45+00:00\" \/>\n<meta name=\"twitter:card\" content=\"summary_large_image\" \/>\n<meta name=\"twitter:label1\" content=\"Est. reading time\" \/>\n\t<meta name=\"twitter:data1\" content=\"2 minutes\" \/>\n<script type=\"application\/ld+json\" class=\"yoast-schema-graph\">{\"@context\":\"https:\/\/schema.org\",\"@graph\":[{\"@type\":\"WebPage\",\"@id\":\"https:\/\/www.baranmezbaha.com\/\",\"url\":\"https:\/\/www.baranmezbaha.com\/\",\"name\":\"Baran Slaughterhouse Systems Manufacturer\",\"isPartOf\":{\"@id\":\"https:\/\/www.baranmezbaha.com\/#website\"},\"datePublished\":\"2022-03-07T20:46:20+00:00\",\"dateModified\":\"2022-03-08T15:29:45+00:00\",\"description\":\"We are a manufacturer of Slaughterhouse Systems. We manufacture and install turnkey, project-specific high-capacity slaughterhouses.\",\"inLanguage\":\"en-US\",\"potentialAction\":[{\"@type\":\"ReadAction\",\"target\":[\"https:\/\/www.baranmezbaha.com\/\"]}]},{\"@type\":\"WebSite\",\"@id\":\"https:\/\/www.baranmezbaha.com\/#website\",\"url\":\"https:\/\/www.baranmezbaha.com\/\",\"name\":\"Baran Mezbahane Sistemleri\",\"description\":\"Baran Mezbahane Sistemleri\",\"publisher\":{\"@id\":\"https:\/\/www.baranmezbaha.com\/#organization\"},\"potentialAction\":[{\"@type\":\"SearchAction\",\"target\":{\"@type\":\"EntryPoint\",\"urlTemplate\":\"https:\/\/www.baranmezbaha.com\/?s={search_term_string}\"},\"query-input\":{\"@type\":\"PropertyValueSpecification\",\"valueRequired\":true,\"valueName\":\"search_term_string\"}}],\"inLanguage\":\"en-US\"},{\"@type\":\"Organization\",\"@id\":\"https:\/\/www.baranmezbaha.com\/#organization\",\"name\":\"Baran Mezbahane Sistemleri\",\"url\":\"https:\/\/www.baranmezbaha.com\/\",\"logo\":{\"@type\":\"ImageObject\",\"inLanguage\":\"en-US\",\"@id\":\"https:\/\/www.baranmezbaha.com\/#\/schema\/logo\/image\/\",\"url\":\"https:\/\/www.baranmezbaha.com\/wp-content\/uploads\/2021\/10\/baran-mezbaha-logo.jpg\",\"contentUrl\":\"https:\/\/www.baranmezbaha.com\/wp-content\/uploads\/2021\/10\/baran-mezbaha-logo.jpg\",\"width\":611,\"height\":457,\"caption\":\"Baran Mezbahane Sistemleri\"},\"image\":{\"@id\":\"https:\/\/www.baranmezbaha.com\/#\/schema\/logo\/image\/\"}}]}<\/script>\n<!-- \/ Yoast SEO plugin. -->","yoast_head_json":{"title":"Baran Slaughterhouse Systems Manufacturer","description":"We are a manufacturer of Slaughterhouse Systems. We manufacture and install turnkey, project-specific high-capacity slaughterhouses.","robots":{"index":"index","follow":"follow","max-snippet":"max-snippet:-1","max-image-preview":"max-image-preview:large","max-video-preview":"max-video-preview:-1"},"canonical":"https:\/\/www.baranmezbaha.com\/en\/","og_locale":"en_US","og_type":"article","og_title":"Baran Slaughterhouse Systems Manufacturer","og_description":"We are a manufacturer of Slaughterhouse Systems. We manufacture and install turnkey, project-specific high-capacity slaughterhouses.","og_url":"https:\/\/www.baranmezbaha.com\/","og_site_name":"Baran Mezbahane Sistemleri","article_modified_time":"2022-03-08T15:29:45+00:00","twitter_card":"summary_large_image","twitter_misc":{"Est. reading time":"2 minutes"},"schema":{"@context":"https:\/\/schema.org","@graph":[{"@type":"WebPage","@id":"https:\/\/www.baranmezbaha.com\/","url":"https:\/\/www.baranmezbaha.com\/","name":"Baran Slaughterhouse Systems Manufacturer","isPartOf":{"@id":"https:\/\/www.baranmezbaha.com\/#website"},"datePublished":"2022-03-07T20:46:20+00:00","dateModified":"2022-03-08T15:29:45+00:00","description":"We are a manufacturer of Slaughterhouse Systems. We manufacture and install turnkey, project-specific high-capacity slaughterhouses.","inLanguage":"en-US","potentialAction":[{"@type":"ReadAction","target":["https:\/\/www.baranmezbaha.com\/"]}]},{"@type":"WebSite","@id":"https:\/\/www.baranmezbaha.com\/#website","url":"https:\/\/www.baranmezbaha.com\/","name":"Baran Mezbahane Sistemleri","description":"Baran Mezbahane Sistemleri","publisher":{"@id":"https:\/\/www.baranmezbaha.com\/#organization"},"potentialAction":[{"@type":"SearchAction","target":{"@type":"EntryPoint","urlTemplate":"https:\/\/www.baranmezbaha.com\/?s={search_term_string}"},"query-input":{"@type":"PropertyValueSpecification","valueRequired":true,"valueName":"search_term_string"}}],"inLanguage":"en-US"},{"@type":"Organization","@id":"https:\/\/www.baranmezbaha.com\/#organization","name":"Baran Mezbahane Sistemleri","url":"https:\/\/www.baranmezbaha.com\/","logo":{"@type":"ImageObject","inLanguage":"en-US","@id":"https:\/\/www.baranmezbaha.com\/#\/schema\/logo\/image\/","url":"https:\/\/www.baranmezbaha.com\/wp-content\/uploads\/2021\/10\/baran-mezbaha-logo.jpg","contentUrl":"https:\/\/www.baranmezbaha.com\/wp-content\/uploads\/2021\/10\/baran-mezbaha-logo.jpg","width":611,"height":457,"caption":"Baran Mezbahane Sistemleri"},"image":{"@id":"https:\/\/www.baranmezbaha.com\/#\/schema\/logo\/image\/"}}]}},"_links":{"self":[{"href":"https:\/\/baranmezbaha.com\/en\/wp-json\/wp\/v2\/pages\/9163","targetHints":{"allow":["GET"]}}],"collection":[{"href":"https:\/\/baranmezbaha.com\/en\/wp-json\/wp\/v2\/pages"}],"about":[{"href":"https:\/\/baranmezbaha.com\/en\/wp-json\/wp\/v2\/types\/page"}],"author":[{"embeddable":true,"href":"https:\/\/baranmezbaha.com\/en\/wp-json\/wp\/v2\/users\/1"}],"replies":[{"embeddable":true,"href":"https:\/\/baranmezbaha.com\/en\/wp-json\/wp\/v2\/comments?post=9163"}],"version-history":[{"count":0,"href":"https:\/\/baranmezbaha.com\/en\/wp-json\/wp\/v2\/pages\/9163\/revisions"}],"wp:attachment":[{"href":"https:\/\/baranmezbaha.com\/en\/wp-json\/wp\/v2\/media?parent=9163"}],"curies":[{"name":"wp","href":"https:\/\/api.w.org\/{rel}","templated":true}]}}