{"id":9031,"date":"2022-03-05T15:29:06","date_gmt":"2022-03-05T15:29:06","guid":{"rendered":"https:\/\/www.baranmezbaha.com\/contacts\/"},"modified":"2024-11-25T08:28:40","modified_gmt":"2024-11-25T08:28:40","slug":"contacts","status":"publish","type":"page","link":"https:\/\/baranmezbaha.com\/en\/contacts\/","title":{"rendered":"CONTACTS"},"content":{"rendered":"<section class=\"l-section wpb_row height_custom color_primary with_img parallax_hor bgwidth_110\"><div class=\"l-section-img\" style=\"background-image: url(https:\/\/baranmezbaha.com\/wp-content\/uploads\/2021\/08\/parcalama-hatti-1.jpg);\" data-img-width=\"1920\" data-img-height=\"500\"><\/div><div class=\"l-section-overlay\" style=\"background:rgba(10,10,10,0.7)\"><\/div><div class=\"l-section-h i-cf\"><div class=\"g-cols via_flex valign_top type_default\"><div class=\"vc_col-sm-12 wpb_column vc_column_container\"><div class=\"vc_column-inner\"><div class=\"wpb_wrapper\"><div class=\"wpb_text_column\"><div class=\"wpb_wrapper\"><h1 style=\"text-align: center;\">Contact Form<\/h1>\n<h6 style=\"text-align: center;\">&#8211;<\/h6>\n<\/div><\/div><div class=\"w-separator size_small\"><\/div><div class=\"w-iconbox iconpos_top style_default color_custom align_center no_title no_text\"><div class=\"w-iconbox-icon\" style=\"font-size:2rem;\"><i class=\"far fa-chevron-down\"><\/i><\/div><div class=\"w-iconbox-meta\"><\/div><\/div><\/div><\/div><\/div><\/div><\/div><\/section><section class=\"l-section wpb_row height_custom\"><div class=\"l-section-h i-cf\"><div class=\"g-cols via_flex valign_top type_default\" style=\"--additional-gap:10px;\"><div class=\"vc_col-sm-6 wpb_column vc_column_container\"><div class=\"vc_column-inner\"><div class=\"wpb_wrapper\"><div class=\"w-iconbox iconpos_left style_circle color_primary align_left no_text\"><a href=\"mailto:info@baranmezbaha.com\" class=\"w-iconbox-link\" aria-label=\"info@baranmezbaha.com\"><div class=\"w-iconbox-icon\" style=\"font-size:20px;\"><i class=\"far fa-envelope\"><\/i><\/div><\/a><div class=\"w-iconbox-meta\"><a href=\"mailto:info@baranmezbaha.com\" class=\"w-iconbox-link\" aria-label=\"info@baranmezbaha.com\"><h4 class=\"w-iconbox-title\" style=\"font-size:1.2rem;\">info@baranmezbaha.com<\/h4><\/a><\/div><\/div><div class=\"w-separator size_small\"><\/div><div class=\"w-iconbox iconpos_left style_circle color_primary align_left no_text\"><a href=\"to:+903123956065\" class=\"w-iconbox-link\" aria-label=\"+90 312 395 60 65\"><div class=\"w-iconbox-icon\" style=\"font-size:20px;\"><i class=\"far fa-phone\"><\/i><\/div><\/a><div class=\"w-iconbox-meta\"><a href=\"to:+903123956065\" class=\"w-iconbox-link\" aria-label=\"+90 312 395 60 65\"><h4 class=\"w-iconbox-title\" style=\"font-size:1.2rem;\">+90 312 395 60 65<\/h4><\/a><\/div><\/div><div class=\"w-separator size_small\"><\/div><div class=\"w-iconbox iconpos_left style_circle color_primary align_left no_text\"><a href=\"tel:+905368206992\" class=\"w-iconbox-link\" aria-label=\"+90 536 820 69 92\"><div class=\"w-iconbox-icon\" style=\"font-size:20px;\"><i class=\"far fa-phone\"><\/i><\/div><\/a><div class=\"w-iconbox-meta\"><a href=\"tel:+905368206992\" class=\"w-iconbox-link\" aria-label=\"+90 536 820 69 92\"><h4 class=\"w-iconbox-title\" style=\"font-size:1.2rem;\">+90 536 820 69 92<\/h4><\/a><\/div><\/div><div class=\"w-separator size_small\"><\/div><div class=\"w-iconbox iconpos_left style_circle color_primary align_left no_text\"><div class=\"w-iconbox-icon\" style=\"font-size:20px;\"><i class=\"far fa-map-marker-alt\"><\/i><\/div><div class=\"w-iconbox-meta\"><h4 class=\"w-iconbox-title\" style=\"font-size:1.2rem;\">Susuz Mahallesi, 3791 Cadde No:13, 06105 Yenimahalle \/ Ankara \/ Turkey<\/h4><\/div><\/div><div class=\"w-separator size_medium\"><\/div><div class=\"w-html\"><iframe src=\"https:\/\/www.google.com\/maps\/embed?pb=!1m14!1m8!1m3!1d12226.937066305443!2d32.740239778295916!3d39.99204342692572!3m2!1i1024!2i768!4f13.1!3m3!1m2!1s0x0%3A0xa1f6e9dfddd94f06!2sBaran%20Mezbahane%20Sistemleri!5e0!3m2!1str!2str!4v1634217458043!5m2!1str!2str\" width=\"600\" height=\"400\" style=\"border:0;\" allowfullscreen=\"\" loading=\"lazy\"><\/iframe><\/div><\/div><\/div><\/div><div class=\"vc_col-sm-6 wpb_column vc_column_container\"><div class=\"vc_column-inner\"><div class=\"wpb_wrapper\"><div class=\"wpb_text_column\"><div class=\"wpb_wrapper\"><h4><strong>Please use the form below to contact us.<\/strong><\/h4>\n<p>Baran Slaughterhouse Systems was established in 2016. It is the most dynamic and innovative company in Turkey.<br \/>\nIt establishes cattle and sheep slaughterhouse systems and meat processing facilities. We are preparing turnkey facilities with our expert staff both at home and abroad.<\/p>\n<\/div><\/div><div class=\"w-separator size_small\"><\/div><form class=\"w-form  layout_ver for_cform us_form_1\" autocomplete=\"off\" action=\"https:\/\/baranmezbaha.com\/en\/wp-json\/wp\/v2\/pages\/9031\" method=\"post\"><div class=\"w-form-h\"><div class=\"w-form-row for_text required with_icon\">\r\n\t\t<div class=\"w-form-row-field\">\r\n\t\t\t\t<i class=\"far fa-user\"><\/i>\t\t<input aria-label=\"\u0130sminiz\" type=\"text\" name=\"us_form_1_text_1\" value placeholder=\"\u0130sminiz *\" data-required=\"true\" aria-required=\"true\"\/>\r\n\t\t\t<\/div>\r\n\t\t<div class=\"w-form-row-state\">Fill out this field<\/div>\r\n<\/div>\r\n<div class=\"w-form-row for_text with_icon\">\r\n\t\t<div class=\"w-form-row-field\">\r\n\t\t\t\t<i class=\"far fa-envelope\"><\/i>\t\t<input aria-label=\"Email\" type=\"text\" name=\"us_form_1_text_2\" value placeholder=\"Email\"\/>\r\n\t\t\t<\/div>\r\n\t\t<div class=\"w-form-row-state\">Fill out this field<\/div>\r\n<\/div>\r\n<div class=\"w-form-row for_text required with_icon\">\r\n\t\t<div class=\"w-form-row-field\">\r\n\t\t\t\t<i class=\"far fa-phone\"><\/i>\t\t<input aria-label=\"Telefon Numaran\u0131z\" inputmode=\"tel\" type=\"text\" name=\"us_form_1_text_3\" value placeholder=\"Telefon Numaran\u0131z *\" data-required=\"true\" aria-required=\"true\"\/>\r\n\t\t\t<\/div>\r\n\t\t<div class=\"w-form-row-state\">Fill out this field<\/div>\r\n<\/div>\r\n<div class=\"w-form-row for_textarea required with_icon\">\r\n\t\t<div class=\"w-form-row-field\">\r\n\t\t\t\t<i class=\"far fa-pencil\"><\/i>\t\t<textarea aria-label=\"Mesaj\u0131n\u0131z\" name=\"us_form_1_textarea_1\" placeholder=\"Mesaj\u0131n\u0131z *\" data-required=\"true\" aria-required=\"true\"><\/textarea>\r\n\t\t\t<\/div>\r\n\t\t<div class=\"w-form-row-state\">Fill out this field<\/div>\r\n<\/div>\r\n<div class=\"w-form-row for_captcha has_label required with_icon\">\r\n\t<div class=\"w-form-row-label\">\r\n\t\t<span>G\u00fcvenlik do\u011frulamas\u0131 i\u00e7in cevaplay\u0131n\u0131z: <span>25 + 4 = ?<\/span><\/span>\r\n\t<\/div>\r\n\t<div class=\"w-form-row-field\">\r\n\t\t\t\t<input type=\"hidden\" name=\"us_form_1_captcha_1_hash\" value=\"19037362efc39522a48802829e01dc5c\" \/>\r\n\t\t<i class=\"far fa-question-circle\"><\/i>\t\t<input aria-label=\"G\u00fcvenlik do\u011frulamas\u0131 i\u00e7in cevaplay\u0131n\u0131z:\" type=\"text\" name=\"us_form_1_captcha_1\" placeholder data-required=\"true\" aria-required=\"true\"\/>\r\n\t\t\t<\/div>\r\n\t\t<div class=\"w-form-row-state\">Enter the equation result to proceed<\/div>\r\n<\/div>\r\n<input type=\"hidden\" name=\"action\" value=\"us_ajax_cform\" \/>\r\n<input type=\"hidden\" name=\"post_id\" value=\"0\" \/>\r\n<input type=\"hidden\" name=\"form_index\" value=\"1\" \/>\r\n<div class=\"w-form-row for_submit align_none\">\r\n\t<div class=\"w-form-row-field\">\r\n\t\t<button class=\"w-btn  us-btn-style_1\" aria-label=\"Submit\" type=\"submit\">\r\n\t\t\t<span class=\"g-preloader type_1\"><\/span>\r\n\t\t\t\t\t\t<span class=\"w-btn-label\">Submit<\/span>\r\n\t\t\t\t\t<\/button>\r\n\t<\/div>\r\n<\/div>\r\n<\/div><div class=\"w-form-message\"><\/div><div class=\"w-form-json hidden\" onclick='return {&quot;ajaxurl&quot;:&quot;https:\\\/\\\/baranmezbaha.com\\\/wp-admin\\\/admin-ajax.php&quot;}'><\/div><\/form><\/div><\/div><\/div><\/div><\/div><\/section>\n","protected":false},"excerpt":{"rendered":"Contact Form &#8211; info@baranmezbaha.com+90 312 395 60 65+90 536 820 69 92Susuz Mahallesi, 3791 Cadde No:13, 06105 Yenimahalle \/ Ankara \/ TurkeyPlease use the form below to contact us. Baran Slaughterhouse Systems was established in 2016. It is the most dynamic and innovative company in Turkey. It establishes cattle and sheep slaughterhouse systems and meat...","protected":false},"author":1,"featured_media":0,"parent":0,"menu_order":0,"comment_status":"closed","ping_status":"closed","template":"","meta":{"footnotes":""},"class_list":["post-9031","page","type-page","status-publish","hentry"],"yoast_head":"<!-- This site is optimized with the Yoast SEO plugin v26.5 - https:\/\/yoast.com\/wordpress\/plugins\/seo\/ -->\n<title>Contact Us - Baran Slaughterhouse Contact Information<\/title>\n<meta name=\"description\" content=\"To reach Baran Slaughterhouse Systems, you can call us from our phone numbers and fill out the contact form.\" \/>\n<meta name=\"robots\" content=\"index, follow, max-snippet:-1, max-image-preview:large, max-video-preview:-1\" \/>\n<link rel=\"canonical\" href=\"https:\/\/www.baranmezbaha.com\/en\/iletisim\/\" \/>\n<meta property=\"og:locale\" content=\"en_US\" \/>\n<meta property=\"og:type\" content=\"article\" \/>\n<meta property=\"og:title\" content=\"Contact Us - Baran Slaughterhouse Contact Information\" \/>\n<meta property=\"og:description\" content=\"To reach Baran Slaughterhouse Systems, you can call us from our phone numbers and fill out the contact form.\" \/>\n<meta property=\"og:url\" content=\"https:\/\/www.baranmezbaha.com\/iletisim\/\" \/>\n<meta property=\"og:site_name\" content=\"Baran Mezbahane Sistemleri\" \/>\n<meta property=\"article:modified_time\" content=\"2024-11-25T08:28:40+00:00\" \/>\n<meta name=\"twitter:card\" content=\"summary_large_image\" \/>\n<meta name=\"twitter:label1\" content=\"Est. reading time\" \/>\n\t<meta name=\"twitter:data1\" content=\"1 minute\" \/>\n<script type=\"application\/ld+json\" class=\"yoast-schema-graph\">{\"@context\":\"https:\/\/schema.org\",\"@graph\":[{\"@type\":\"WebPage\",\"@id\":\"https:\/\/www.baranmezbaha.com\/iletisim\/\",\"url\":\"https:\/\/www.baranmezbaha.com\/iletisim\/\",\"name\":\"Contact Us - Baran Slaughterhouse Contact Information\",\"isPartOf\":{\"@id\":\"https:\/\/www.baranmezbaha.com\/#website\"},\"datePublished\":\"2022-03-05T15:29:06+00:00\",\"dateModified\":\"2024-11-25T08:28:40+00:00\",\"description\":\"To reach Baran Slaughterhouse Systems, you can call us from our phone numbers and fill out the contact form.\",\"breadcrumb\":{\"@id\":\"https:\/\/www.baranmezbaha.com\/iletisim\/#breadcrumb\"},\"inLanguage\":\"en-US\",\"potentialAction\":[{\"@type\":\"ReadAction\",\"target\":[\"https:\/\/www.baranmezbaha.com\/iletisim\/\"]}]},{\"@type\":\"BreadcrumbList\",\"@id\":\"https:\/\/www.baranmezbaha.com\/iletisim\/#breadcrumb\",\"itemListElement\":[{\"@type\":\"ListItem\",\"position\":1,\"name\":\"Anasayfa\",\"item\":\"https:\/\/www.baranmezbaha.com\/\"},{\"@type\":\"ListItem\",\"position\":2,\"name\":\"CONTACTS\"}]},{\"@type\":\"WebSite\",\"@id\":\"https:\/\/www.baranmezbaha.com\/#website\",\"url\":\"https:\/\/www.baranmezbaha.com\/\",\"name\":\"Baran Mezbahane Sistemleri\",\"description\":\"Baran Mezbahane Sistemleri\",\"publisher\":{\"@id\":\"https:\/\/www.baranmezbaha.com\/#organization\"},\"potentialAction\":[{\"@type\":\"SearchAction\",\"target\":{\"@type\":\"EntryPoint\",\"urlTemplate\":\"https:\/\/www.baranmezbaha.com\/?s={search_term_string}\"},\"query-input\":{\"@type\":\"PropertyValueSpecification\",\"valueRequired\":true,\"valueName\":\"search_term_string\"}}],\"inLanguage\":\"en-US\"},{\"@type\":\"Organization\",\"@id\":\"https:\/\/www.baranmezbaha.com\/#organization\",\"name\":\"Baran Mezbahane Sistemleri\",\"url\":\"https:\/\/www.baranmezbaha.com\/\",\"logo\":{\"@type\":\"ImageObject\",\"inLanguage\":\"en-US\",\"@id\":\"https:\/\/www.baranmezbaha.com\/#\/schema\/logo\/image\/\",\"url\":\"https:\/\/www.baranmezbaha.com\/wp-content\/uploads\/2021\/10\/baran-mezbaha-logo.jpg\",\"contentUrl\":\"https:\/\/www.baranmezbaha.com\/wp-content\/uploads\/2021\/10\/baran-mezbaha-logo.jpg\",\"width\":611,\"height\":457,\"caption\":\"Baran Mezbahane Sistemleri\"},\"image\":{\"@id\":\"https:\/\/www.baranmezbaha.com\/#\/schema\/logo\/image\/\"}}]}<\/script>\n<!-- \/ Yoast SEO plugin. -->","yoast_head_json":{"title":"Contact Us - Baran Slaughterhouse Contact Information","description":"To reach Baran Slaughterhouse Systems, you can call us from our phone numbers and fill out the contact form.","robots":{"index":"index","follow":"follow","max-snippet":"max-snippet:-1","max-image-preview":"max-image-preview:large","max-video-preview":"max-video-preview:-1"},"canonical":"https:\/\/www.baranmezbaha.com\/en\/iletisim\/","og_locale":"en_US","og_type":"article","og_title":"Contact Us - Baran Slaughterhouse Contact Information","og_description":"To reach Baran Slaughterhouse Systems, you can call us from our phone numbers and fill out the contact form.","og_url":"https:\/\/www.baranmezbaha.com\/iletisim\/","og_site_name":"Baran Mezbahane Sistemleri","article_modified_time":"2024-11-25T08:28:40+00:00","twitter_card":"summary_large_image","twitter_misc":{"Est. reading time":"1 minute"},"schema":{"@context":"https:\/\/schema.org","@graph":[{"@type":"WebPage","@id":"https:\/\/www.baranmezbaha.com\/iletisim\/","url":"https:\/\/www.baranmezbaha.com\/iletisim\/","name":"Contact Us - Baran Slaughterhouse Contact Information","isPartOf":{"@id":"https:\/\/www.baranmezbaha.com\/#website"},"datePublished":"2022-03-05T15:29:06+00:00","dateModified":"2024-11-25T08:28:40+00:00","description":"To reach Baran Slaughterhouse Systems, you can call us from our phone numbers and fill out the contact form.","breadcrumb":{"@id":"https:\/\/www.baranmezbaha.com\/iletisim\/#breadcrumb"},"inLanguage":"en-US","potentialAction":[{"@type":"ReadAction","target":["https:\/\/www.baranmezbaha.com\/iletisim\/"]}]},{"@type":"BreadcrumbList","@id":"https:\/\/www.baranmezbaha.com\/iletisim\/#breadcrumb","itemListElement":[{"@type":"ListItem","position":1,"name":"Anasayfa","item":"https:\/\/www.baranmezbaha.com\/"},{"@type":"ListItem","position":2,"name":"CONTACTS"}]},{"@type":"WebSite","@id":"https:\/\/www.baranmezbaha.com\/#website","url":"https:\/\/www.baranmezbaha.com\/","name":"Baran Mezbahane Sistemleri","description":"Baran Mezbahane Sistemleri","publisher":{"@id":"https:\/\/www.baranmezbaha.com\/#organization"},"potentialAction":[{"@type":"SearchAction","target":{"@type":"EntryPoint","urlTemplate":"https:\/\/www.baranmezbaha.com\/?s={search_term_string}"},"query-input":{"@type":"PropertyValueSpecification","valueRequired":true,"valueName":"search_term_string"}}],"inLanguage":"en-US"},{"@type":"Organization","@id":"https:\/\/www.baranmezbaha.com\/#organization","name":"Baran Mezbahane Sistemleri","url":"https:\/\/www.baranmezbaha.com\/","logo":{"@type":"ImageObject","inLanguage":"en-US","@id":"https:\/\/www.baranmezbaha.com\/#\/schema\/logo\/image\/","url":"https:\/\/www.baranmezbaha.com\/wp-content\/uploads\/2021\/10\/baran-mezbaha-logo.jpg","contentUrl":"https:\/\/www.baranmezbaha.com\/wp-content\/uploads\/2021\/10\/baran-mezbaha-logo.jpg","width":611,"height":457,"caption":"Baran Mezbahane Sistemleri"},"image":{"@id":"https:\/\/www.baranmezbaha.com\/#\/schema\/logo\/image\/"}}]}},"_links":{"self":[{"href":"https:\/\/baranmezbaha.com\/en\/wp-json\/wp\/v2\/pages\/9031","targetHints":{"allow":["GET"]}}],"collection":[{"href":"https:\/\/baranmezbaha.com\/en\/wp-json\/wp\/v2\/pages"}],"about":[{"href":"https:\/\/baranmezbaha.com\/en\/wp-json\/wp\/v2\/types\/page"}],"author":[{"embeddable":true,"href":"https:\/\/baranmezbaha.com\/en\/wp-json\/wp\/v2\/users\/1"}],"replies":[{"embeddable":true,"href":"https:\/\/baranmezbaha.com\/en\/wp-json\/wp\/v2\/comments?post=9031"}],"version-history":[{"count":0,"href":"https:\/\/baranmezbaha.com\/en\/wp-json\/wp\/v2\/pages\/9031\/revisions"}],"wp:attachment":[{"href":"https:\/\/baranmezbaha.com\/en\/wp-json\/wp\/v2\/media?parent=9031"}],"curies":[{"name":"wp","href":"https:\/\/api.w.org\/{rel}","templated":true}]}}